{"id":2,"date":"2015-04-23T10:34:32","date_gmt":"2015-04-23T10:34:32","guid":{"rendered":"https:\/\/www.spons.co.rs\/plastic\/?page_id=2"},"modified":"2018-01-27T12:14:31","modified_gmt":"2018-01-27T11:14:31","slug":"primer-strane","status":"publish","type":"page","link":"https:\/\/www.spons.co.rs\/en\/","title":{"rendered":"Made of plastic mass"},"content":{"rendered":"<p>SPONS je osnovan kao porodi\u010dna firma i opredeljenje da se bavi izradom predmeta od plasti\u010dnih masa je nastalo iz \u017eelje da se iskoristi 30 godi\u0161nje iskustvo u oblasti prerade plasti\u010dnih masa, oca osniva\u010da SPONS-a, Milo\u0161a Vra\u010devi\u0107a &#8211; \u010dika Mi\u0161e<br \/>\n&#8230;&#8230;&#8230;&#8230;&#8230;&#8230;&#8230;&#8230;&#8230;&#8230;&#8230;&#8230;&#8230;&#8230;&#8230;&#8230;&#8230;&#8230;&#8230;&#8230;&#8230;&#8230;&#8230;&#8230;&#8230;&#8230;&#8230;&#8230;&#8230;&#8230;&#8230;&#8230;&#8230;&#8230;&#8230;&#8230;..<\/p>\n<p>Od tada karakteristike SPONS-ovog poslovanja su :<br \/>\n&#8211; pouzdanost<br \/>\n&#8211; ta\u010dnost isporuka<br \/>\n&#8211; proveren kvalitet proizvoda<\/p>\n","protected":false},"excerpt":{"rendered":"<p>SPONS je osnovan kao porodi\u010dna firma i opredeljenje da se bavi izradom predmeta od plasti\u010dnih masa je nastalo iz \u017eelje da se iskoristi 30 godi\u0161nje iskustvo u oblasti prerade plasti\u010dnih [&hellip;]<\/p>\n","protected":false},"author":1,"featured_media":291,"parent":0,"menu_order":0,"comment_status":"closed","ping_status":"open","template":"page-home.php","meta":{"_acf_changed":false,"footnotes":""},"class_list":["post-2","page","type-page","status-publish","has-post-thumbnail","hentry"],"acf":[],"_links":{"self":[{"href":"https:\/\/www.spons.co.rs\/en\/wp-json\/wp\/v2\/pages\/2","targetHints":{"allow":["GET"]}}],"collection":[{"href":"https:\/\/www.spons.co.rs\/en\/wp-json\/wp\/v2\/pages"}],"about":[{"href":"https:\/\/www.spons.co.rs\/en\/wp-json\/wp\/v2\/types\/page"}],"author":[{"embeddable":true,"href":"https:\/\/www.spons.co.rs\/en\/wp-json\/wp\/v2\/users\/1"}],"replies":[{"embeddable":true,"href":"https:\/\/www.spons.co.rs\/en\/wp-json\/wp\/v2\/comments?post=2"}],"version-history":[{"count":6,"href":"https:\/\/www.spons.co.rs\/en\/wp-json\/wp\/v2\/pages\/2\/revisions"}],"predecessor-version":[{"id":307,"href":"https:\/\/www.spons.co.rs\/en\/wp-json\/wp\/v2\/pages\/2\/revisions\/307"}],"wp:featuredmedia":[{"embeddable":true,"href":"https:\/\/www.spons.co.rs\/en\/wp-json\/wp\/v2\/media\/291"}],"wp:attachment":[{"href":"https:\/\/www.spons.co.rs\/en\/wp-json\/wp\/v2\/media?parent=2"}],"curies":[{"name":"wp","href":"https:\/\/api.w.org\/{rel}","templated":true}]}}