{"id":24,"date":"2015-04-28T16:49:40","date_gmt":"2015-04-28T14:49:40","guid":{"rendered":"https:\/\/www.spons.co.rs\/plastic\/?page_id=24"},"modified":"2018-01-27T12:25:49","modified_gmt":"2018-01-27T11:25:49","slug":"delatnost","status":"publish","type":"page","link":"https:\/\/www.spons.co.rs\/en\/delatnost\/","title":{"rendered":"Activities"},"content":{"rendered":"<div class=\"home-services\">\n<div class=\"grid grid-pad\">\n<div class=\"col-1-1\">\n<h6 class=\"wow animated fadeIn animated\" style=\"visibility: visible;\">WE HAVE FOUND THE WAY TO SUCCESS!<\/h6>\n<\/div>\n<p style=\"text-align: justify;\"><strong>Foundation Date:<\/strong> March 1991<br \/>\n<strong>Head Office:<\/strong> Novi Sad, Serbia<br \/>\n<strong>Activities:<\/strong> Plastic mass processing<\/p>\n<p style=\"text-align: justify;\"><strong>SPONS<\/strong> was found as a family business, and the idea came from owner\u2019s father, Milo\u0161 Vra\u010devi\u0107, also known as <strong>\u201euncle Mi\u0161a\u201c<\/strong>, who wanted to share his 30-year experience in plastic mass processing.<\/p>\n<p style=\"text-align: justify;\">Thanks to great experience in plastic mass processing, SPONS is involved in the following activities with an emphasis on specializing in manufacturing products for a well-known clients:<\/p>\n<p style=\"padding-left: 30px; text-align: justify;\"><span style=\"color: #000000;\"><strong>&#8211; Producing items of plastic using plastic injection molding machine.<\/strong><\/span><\/p>\n<p style=\"padding-left: 30px; text-align: justify;\"><span style=\"color: #000000;\"><strong>&#8211; Consulting services regarding plastic<\/strong><\/span><\/p>\n<p style=\"padding-left: 60px; text-align: justify;\"><span style=\"color: #000000;\">\u2022<strong> Product development services<\/strong><\/span><br \/>\n<span style=\"color: #000000;\"> <strong> \u2022 Advisory services regarding technology for processing plastic mass<\/strong><\/span><br \/>\n<span style=\"color: #000000;\"> <strong> \u2022 Manufacturing services<\/strong><\/span><\/p>\n<p style=\"text-align: justify;\">Experience in plastic mass processing technology through injection process is presented in a book called <strong>&#8220;Plastic Mass Processing through Injection Machine with Practice Examples&#8221;<\/strong>, published in 1997 by Poli library.<br \/>\nThat is was the first time in Serbia that someone wrote a book that will bring the plastic processing technology with practice examples closer to the readers.<\/p>\n<\/div>\n<\/div>","protected":false},"excerpt":{"rendered":"<p>WE HAVE FOUND THE WAY TO SUCCESS! Foundation Date: March 1991 Head Office: Novi Sad, Serbia Activities: Plastic mass processing SPONS was found as a family business, and the idea [&hellip;]<\/p>\n","protected":false},"author":1,"featured_media":0,"parent":0,"menu_order":0,"comment_status":"closed","ping_status":"open","template":"page-services.php","meta":{"_acf_changed":false,"footnotes":""},"class_list":["post-24","page","type-page","status-publish","hentry"],"acf":[],"_links":{"self":[{"href":"https:\/\/www.spons.co.rs\/en\/wp-json\/wp\/v2\/pages\/24","targetHints":{"allow":["GET"]}}],"collection":[{"href":"https:\/\/www.spons.co.rs\/en\/wp-json\/wp\/v2\/pages"}],"about":[{"href":"https:\/\/www.spons.co.rs\/en\/wp-json\/wp\/v2\/types\/page"}],"author":[{"embeddable":true,"href":"https:\/\/www.spons.co.rs\/en\/wp-json\/wp\/v2\/users\/1"}],"replies":[{"embeddable":true,"href":"https:\/\/www.spons.co.rs\/en\/wp-json\/wp\/v2\/comments?post=24"}],"version-history":[{"count":45,"href":"https:\/\/www.spons.co.rs\/en\/wp-json\/wp\/v2\/pages\/24\/revisions"}],"predecessor-version":[{"id":309,"href":"https:\/\/www.spons.co.rs\/en\/wp-json\/wp\/v2\/pages\/24\/revisions\/309"}],"wp:attachment":[{"href":"https:\/\/www.spons.co.rs\/en\/wp-json\/wp\/v2\/media?parent=24"}],"curies":[{"name":"wp","href":"https:\/\/api.w.org\/{rel}","templated":true}]}}